{"id":877,"date":"2025-03-29T11:16:13","date_gmt":"2025-03-29T10:16:13","guid":{"rendered":"https:\/\/turtlebeachmallorca.com\/sobre\/"},"modified":"2026-01-03T14:14:05","modified_gmt":"2026-01-03T13:14:05","slug":"sobre","status":"publish","type":"page","link":"https:\/\/turtlebeachmallorca.com\/es\/sobre\/","title":{"rendered":"Acerca de"},"content":{"rendered":"\t\t<div data-elementor-type=\"wp-page\" data-elementor-id=\"877\" class=\"elementor elementor-877 elementor-152\" data-elementor-post-type=\"page\">\n\t\t\t\t<div class=\"elementor-element elementor-element-16ae211 e-flex e-con-boxed e-con e-parent\" data-id=\"16ae211\" data-element_type=\"container\" data-e-type=\"container\" data-settings=\"{&quot;background_background&quot;:&quot;classic&quot;,&quot;jet_parallax_layout_list&quot;:[]}\">\n\t\t\t\t\t<div class=\"e-con-inner\">\n\t\t\t\t<div class=\"elementor-element elementor-element-75f270c elementor-invisible elementor-widget elementor-widget-heading\" data-id=\"75f270c\" data-element_type=\"widget\" data-e-type=\"widget\" data-settings=\"{&quot;_animation&quot;:&quot;fadeInUp&quot;}\" data-widget_type=\"heading.default\">\n\t\t\t\t<div class=\"elementor-widget-container\">\n\t\t\t\t\t<h1 class=\"elementor-heading-title elementor-size-default\">Acerca de nuestros restaurantes<\/h1>\t\t\t\t<\/div>\n\t\t\t\t<\/div>\n\t\t\t\t\t<\/div>\n\t\t\t\t<\/div>\n\t\t<div class=\"elementor-element elementor-element-6a18908 e-flex e-con-boxed e-con e-parent\" data-id=\"6a18908\" data-element_type=\"container\" data-e-type=\"container\" data-settings=\"{&quot;jet_parallax_layout_list&quot;:[]}\">\n\t\t\t\t\t<div class=\"e-con-inner\">\n\t\t<div class=\"elementor-element elementor-element-c46669a e-con-full e-flex elementor-invisible e-con e-child\" data-id=\"c46669a\" data-element_type=\"container\" data-e-type=\"container\" data-settings=\"{&quot;background_background&quot;:&quot;classic&quot;,&quot;animation&quot;:&quot;slideInUp&quot;,&quot;jet_parallax_layout_list&quot;:[]}\">\n\t\t\t\t<\/div>\n\t\t<div class=\"elementor-element elementor-element-b065543 e-con-full e-flex elementor-invisible e-con e-child\" data-id=\"b065543\" data-element_type=\"container\" data-e-type=\"container\" data-settings=\"{&quot;animation&quot;:&quot;slideInLeft&quot;,&quot;animation_delay&quot;:300,&quot;jet_parallax_layout_list&quot;:[]}\">\n\t\t\t\t<div class=\"elementor-element elementor-element-1883ce4 elementor-widget elementor-widget-heading\" data-id=\"1883ce4\" data-element_type=\"widget\" data-e-type=\"widget\" data-widget_type=\"heading.default\">\n\t\t\t\t<div class=\"elementor-widget-container\">\n\t\t\t\t\t<h2 class=\"elementor-heading-title elementor-size-default\">Nuestros restaurantes<\/h2>\t\t\t\t<\/div>\n\t\t\t\t<\/div>\n\t\t\t\t<div class=\"elementor-element elementor-element-f065497 elementor-widget elementor-widget-text-editor\" data-id=\"f065497\" data-element_type=\"widget\" data-e-type=\"widget\" data-widget_type=\"text-editor.default\">\n\t\t\t\t<div class=\"elementor-widget-container\">\n\t\t\t\t\t\t\t\t\t<p>Ubicados a lo largo de la serena costa de <a href=\"https:\/\/turtlebeachmallorca.com\/es\/palmanova\/\">Palmanova<\/a> y <a href=\"https:\/\/turtlebeachmallorca.com\/es\/magaluf\/\">Magaluf<\/a>, nuestros restaurantes frente a la playa ofrecen la combinaci\u00f3n perfecta de deliciosos platos americanos a la parrilla y c\u00f3cteles refrescantes, ideales para familias que buscan una experiencia gastron\u00f3mica relajada y divertida.<\/p><p>Disfruta de apetitosas costillas, chuletones chisporroteantes y panceta ahumada lentamente al estilo tejano, todo ello mientras contemplas las impresionantes vistas del oc\u00e9ano. Nuestro acogedor ambiente est\u00e1 dise\u00f1ado pensando en las familias, con amplios asientos, un ambiente relajado y un personal amable que te har\u00e1 sentir como en casa. <\/p><p>Tanto si quieres disfrutar de un c\u00f3ctel exclusivo como si quieres invitar a los ni\u00f1os a una sabrosa comida, nuestro restaurante es el lugar perfecto para crear recuerdos duraderos junto al mar.<\/p>\t\t\t\t\t\t\t\t<\/div>\n\t\t\t\t<\/div>\n\t\t\t\t<div class=\"elementor-element elementor-element-a7e4804 elementor-absolute elementor-widget elementor-widget-image\" data-id=\"a7e4804\" data-element_type=\"widget\" data-e-type=\"widget\" data-settings=\"{&quot;_position&quot;:&quot;absolute&quot;,&quot;motion_fx_motion_fx_scrolling&quot;:&quot;yes&quot;,&quot;motion_fx_translateY_effect&quot;:&quot;yes&quot;,&quot;motion_fx_translateY_direction&quot;:&quot;negative&quot;,&quot;motion_fx_translateY_speed&quot;:{&quot;unit&quot;:&quot;px&quot;,&quot;size&quot;:2,&quot;sizes&quot;:[]},&quot;motion_fx_translateY_affectedRange&quot;:{&quot;unit&quot;:&quot;%&quot;,&quot;size&quot;:&quot;&quot;,&quot;sizes&quot;:{&quot;start&quot;:0,&quot;end&quot;:100}},&quot;motion_fx_devices&quot;:[&quot;desktop&quot;,&quot;tablet&quot;,&quot;mobile&quot;]}\" data-widget_type=\"image.default\">\n\t\t\t\t<div class=\"elementor-widget-container\">\n\t\t\t\t\t\t\t\t\t\t\t\t\t\t\t<img fetchpriority=\"high\" decoding=\"async\" width=\"794\" height=\"808\" src=\"https:\/\/turtlebeachmallorca.com\/wp-content\/uploads\/2025\/03\/star.png\" class=\"attachment-large size-large wp-image-703\" alt=\"\" srcset=\"https:\/\/turtlebeachmallorca.com\/wp-content\/uploads\/2025\/03\/star.png 794w, https:\/\/turtlebeachmallorca.com\/wp-content\/uploads\/2025\/03\/star-295x300.png 295w, https:\/\/turtlebeachmallorca.com\/wp-content\/uploads\/2025\/03\/star-768x782.png 768w\" sizes=\"(max-width: 794px) 100vw, 794px\" \/>\t\t\t\t\t\t\t\t\t\t\t\t\t\t\t<\/div>\n\t\t\t\t<\/div>\n\t\t\t\t<\/div>\n\t\t\t\t\t<\/div>\n\t\t\t\t<\/div>\n\t\t<div class=\"elementor-element elementor-element-f8b17f2 e-flex e-con-boxed e-con e-parent\" data-id=\"f8b17f2\" data-element_type=\"container\" data-e-type=\"container\" data-settings=\"{&quot;jet_parallax_layout_list&quot;:[]}\">\n\t\t\t\t\t<div class=\"e-con-inner\">\n\t\t<div class=\"elementor-element elementor-element-a55f66f e-con-full e-flex elementor-invisible e-con e-child\" data-id=\"a55f66f\" data-element_type=\"container\" data-e-type=\"container\" data-settings=\"{&quot;background_background&quot;:&quot;classic&quot;,&quot;animation&quot;:&quot;slideInUp&quot;,&quot;jet_parallax_layout_list&quot;:[]}\">\n\t\t\t\t<\/div>\n\t\t<div class=\"elementor-element elementor-element-f034695 e-con-full e-flex elementor-invisible e-con e-child\" data-id=\"f034695\" data-element_type=\"container\" data-e-type=\"container\" data-settings=\"{&quot;animation&quot;:&quot;slideInRight&quot;,&quot;animation_delay&quot;:300,&quot;jet_parallax_layout_list&quot;:[]}\">\n\t\t\t\t<div class=\"elementor-element elementor-element-18887e9 elementor-widget elementor-widget-heading\" data-id=\"18887e9\" data-element_type=\"widget\" data-e-type=\"widget\" data-widget_type=\"heading.default\">\n\t\t\t\t<div class=\"elementor-widget-container\">\n\t\t\t\t\t<h2 class=\"elementor-heading-title elementor-size-default\">Barbacoa de inspiraci\u00f3n texana<\/h2>\t\t\t\t<\/div>\n\t\t\t\t<\/div>\n\t\t\t\t<div class=\"elementor-element elementor-element-256870e elementor-absolute elementor-widget elementor-widget-image\" data-id=\"256870e\" data-element_type=\"widget\" data-e-type=\"widget\" data-settings=\"{&quot;_position&quot;:&quot;absolute&quot;,&quot;motion_fx_motion_fx_scrolling&quot;:&quot;yes&quot;,&quot;motion_fx_translateY_effect&quot;:&quot;yes&quot;,&quot;motion_fx_translateY_direction&quot;:&quot;negative&quot;,&quot;motion_fx_translateY_speed&quot;:{&quot;unit&quot;:&quot;px&quot;,&quot;size&quot;:2,&quot;sizes&quot;:[]},&quot;motion_fx_translateY_affectedRange&quot;:{&quot;unit&quot;:&quot;%&quot;,&quot;size&quot;:&quot;&quot;,&quot;sizes&quot;:{&quot;start&quot;:0,&quot;end&quot;:100}},&quot;motion_fx_devices&quot;:[&quot;desktop&quot;,&quot;tablet&quot;,&quot;mobile&quot;]}\" data-widget_type=\"image.default\">\n\t\t\t\t<div class=\"elementor-widget-container\">\n\t\t\t\t\t\t\t\t\t\t\t\t\t\t\t<img decoding=\"async\" width=\"620\" height=\"564\" src=\"https:\/\/turtlebeachmallorca.com\/wp-content\/uploads\/2025\/03\/shell-2.png\" class=\"attachment-large size-large wp-image-705\" alt=\"\" srcset=\"https:\/\/turtlebeachmallorca.com\/wp-content\/uploads\/2025\/03\/shell-2.png 620w, https:\/\/turtlebeachmallorca.com\/wp-content\/uploads\/2025\/03\/shell-2-300x273.png 300w\" sizes=\"(max-width: 620px) 100vw, 620px\" \/>\t\t\t\t\t\t\t\t\t\t\t\t\t\t\t<\/div>\n\t\t\t\t<\/div>\n\t\t\t\t<div class=\"elementor-element elementor-element-36554fb elementor-widget elementor-widget-text-editor\" data-id=\"36554fb\" data-element_type=\"widget\" data-e-type=\"widget\" data-widget_type=\"text-editor.default\">\n\t\t\t\t<div class=\"elementor-widget-container\">\n\t\t\t\t\t\t\t\t\t<p>Disfrute de la aut\u00e9ntica comida casera estadounidense en Turtle Beach Mallorca, donde cada plato se elabora con ingredientes de primera calidad y se sirve con una pizca de nostalgia.<\/p><p>Desde jugosas hamburguesas y patatas fritas espolvoreadas hasta macarrones con queso Brisket y filetes perfectamente asados, nuestro men\u00fa incluye todos tus cl\u00e1sicos americanos favoritos. Tanto si te apetece un abundante brunch, un sabroso almuerzo o una deliciosa cena, tenemos algo para satisfacer todos los apetitos. <\/p><p>Disfruta de un ambiente c\u00e1lido y acogedor donde la familia y los amigos pueden reunirse para compartir una gran comida y recuerdos a\u00fan mejores<\/p>\t\t\t\t\t\t\t\t<\/div>\n\t\t\t\t<\/div>\n\t\t\t\t<\/div>\n\t\t\t\t\t<\/div>\n\t\t\t\t<\/div>\n\t\t<div class=\"elementor-element elementor-element-c779eaa e-flex e-con-boxed e-con e-parent\" data-id=\"c779eaa\" data-element_type=\"container\" data-e-type=\"container\" data-settings=\"{&quot;jet_parallax_layout_list&quot;:[]}\">\n\t\t\t\t\t<div class=\"e-con-inner\">\n\t\t<div class=\"elementor-element elementor-element-e9c6e60 e-con-full e-flex elementor-invisible e-con e-child\" data-id=\"e9c6e60\" data-element_type=\"container\" data-e-type=\"container\" data-settings=\"{&quot;background_background&quot;:&quot;classic&quot;,&quot;animation&quot;:&quot;slideInUp&quot;,&quot;jet_parallax_layout_list&quot;:[]}\">\n\t\t\t\t<\/div>\n\t\t<div class=\"elementor-element elementor-element-e3cf339 e-con-full e-flex elementor-invisible e-con e-child\" data-id=\"e3cf339\" data-element_type=\"container\" data-e-type=\"container\" data-settings=\"{&quot;animation&quot;:&quot;slideInLeft&quot;,&quot;animation_delay&quot;:300,&quot;jet_parallax_layout_list&quot;:[]}\">\n\t\t\t\t<div class=\"elementor-element elementor-element-6db2bec elementor-widget elementor-widget-heading\" data-id=\"6db2bec\" data-element_type=\"widget\" data-e-type=\"widget\" data-widget_type=\"heading.default\">\n\t\t\t\t<div class=\"elementor-widget-container\">\n\t\t\t\t\t<h2 class=\"elementor-heading-title elementor-size-default\">C\u00f3cteles al atardecer<\/h2>\t\t\t\t<\/div>\n\t\t\t\t<\/div>\n\t\t\t\t<div class=\"elementor-element elementor-element-43e9079 elementor-widget elementor-widget-text-editor\" data-id=\"43e9079\" data-element_type=\"widget\" data-e-type=\"widget\" data-widget_type=\"text-editor.default\">\n\t\t\t\t<div class=\"elementor-widget-container\">\n\t\t\t\t\t\t\t\t\t<p>Disfruta del arte de la cocteler\u00eda en cada copa. Del\u00e9itate con uno de nuestros magn\u00edficos c\u00f3cteles de primera calidad, elaborados con los mejores ingredientes y mezclados con maestr\u00eda por nuestros expertos camareros. <\/p><p>Cada bebida es una obra maestra, que combina licores de primera calidad y sabores \u00fanicos que elevan cada sorbo.<\/p><p>Tanto si buscas un cl\u00e1sico favorito como una creaci\u00f3n de autor, nuestros c\u00f3cteles prometen una experiencia \u00fanica que refleja nuestro compromiso con la calidad y la artesan\u00eda.<\/p>\t\t\t\t\t\t\t\t<\/div>\n\t\t\t\t<\/div>\n\t\t\t\t<\/div>\n\t\t\t\t\t<\/div>\n\t\t\t\t<\/div>\n\t\t<div class=\"elementor-element elementor-element-d390068 e-flex e-con-boxed e-con e-parent\" data-id=\"d390068\" data-element_type=\"container\" data-e-type=\"container\" data-settings=\"{&quot;background_background&quot;:&quot;classic&quot;,&quot;jet_parallax_layout_list&quot;:[]}\">\n\t\t\t\t\t<div class=\"e-con-inner\">\n\t\t\t\t<div class=\"elementor-element elementor-element-33f8d44 elementor-invisible elementor-widget elementor-widget-heading\" data-id=\"33f8d44\" data-element_type=\"widget\" data-e-type=\"widget\" data-settings=\"{&quot;_animation&quot;:&quot;fadeInUp&quot;}\" data-widget_type=\"heading.default\">\n\t\t\t\t<div class=\"elementor-widget-container\">\n\t\t\t\t\t<h6 class=\"elementor-heading-title elementor-size-default\">Reserve su mesa\n<\/h6>\t\t\t\t<\/div>\n\t\t\t\t<\/div>\n\t\t\t\t<div class=\"elementor-element elementor-element-869788c elementor-invisible elementor-widget elementor-widget-heading\" data-id=\"869788c\" data-element_type=\"widget\" data-e-type=\"widget\" data-settings=\"{&quot;_animation&quot;:&quot;fadeInUp&quot;}\" data-widget_type=\"heading.default\">\n\t\t\t\t<div class=\"elementor-widget-container\">\n\t\t\t\t\t<h2 class=\"elementor-heading-title elementor-size-default\">Reserva tu experiencia<\/h2>\t\t\t\t<\/div>\n\t\t\t\t<\/div>\n\t\t\t\t<div class=\"elementor-element elementor-element-1517554 elementor-invisible elementor-widget elementor-widget-text-editor\" data-id=\"1517554\" data-element_type=\"widget\" data-e-type=\"widget\" data-settings=\"{&quot;_animation&quot;:&quot;fadeInUp&quot;}\" data-widget_type=\"text-editor.default\">\n\t\t\t\t<div class=\"elementor-widget-container\">\n\t\t\t\t\t\t\t\t\t<p>Elige tu ubicaci\u00f3n preferida en Mallorca.<\/p>\t\t\t\t\t\t\t\t<\/div>\n\t\t\t\t<\/div>\n\t\t\t\t<div class=\"elementor-element elementor-element-39702e7 elementor-align-center elementor-tablet-align-center elementor-invisible elementor-widget elementor-widget-button\" data-id=\"39702e7\" data-element_type=\"widget\" data-e-type=\"widget\" data-settings=\"{&quot;_animation&quot;:&quot;fadeInUp&quot;}\" data-widget_type=\"button.default\">\n\t\t\t\t<div class=\"elementor-widget-container\">\n\t\t\t\t\t\t\t\t\t<div class=\"elementor-button-wrapper\">\n\t\t\t\t\t<a class=\"elementor-button elementor-button-link elementor-size-sm\" href=\"https:\/\/turtlemallorca.myrestoo.net\/en\/group\">\n\t\t\t\t\t\t<span class=\"elementor-button-content-wrapper\">\n\t\t\t\t\t\t\t\t\t<span class=\"elementor-button-text\">Reserva en l\u00ednea<\/span>\n\t\t\t\t\t<\/span>\n\t\t\t\t\t<\/a>\n\t\t\t\t<\/div>\n\t\t\t\t\t\t\t\t<\/div>\n\t\t\t\t<\/div>\n\t\t\t\t\t<\/div>\n\t\t\t\t<\/div>\n\t\t\t\t<\/div>\n\t\t","protected":false},"excerpt":{"rendered":"<p>Acerca de nuestros restaurantes Nuestros restaurantes Ubicados a lo largo de la serena costa de Palmanova y Magaluf, nuestros restaurantes frente a la playa ofrecen la combinaci\u00f3n perfecta de deliciosos platos americanos a la parrilla y c\u00f3cteles refrescantes, ideales para familias que buscan una experiencia gastron\u00f3mica relajada y divertida. Disfruta de apetitosas costillas, chuletones chisporroteantes [&hellip;]<\/p>\n","protected":false},"author":1,"featured_media":0,"parent":0,"menu_order":0,"comment_status":"closed","ping_status":"closed","template":"","meta":{"footnotes":""},"class_list":["post-877","page","type-page","status-publish","hentry"],"blocksy_meta":{"has_hero_section":"disabled","vertical_spacing_source":"custom","content_area_spacing":"none","styles_descriptor":{"styles":{"desktop":"","tablet":"","mobile":""},"google_fonts":[],"version":6}},"yoast_head":"<!-- This site is optimized with the Yoast SEO plugin v27.4 - https:\/\/yoast.com\/product\/yoast-seo-wordpress\/ -->\n<title>Acerca de | Turtle Beach Mallorca<\/title>\n<meta name=\"robots\" content=\"index, follow, max-snippet:-1, max-image-preview:large, max-video-preview:-1\" \/>\n<link rel=\"canonical\" href=\"https:\/\/turtlebeachmallorca.com\/es\/sobre\/\" \/>\n<meta property=\"og:locale\" content=\"es_ES\" \/>\n<meta property=\"og:type\" content=\"article\" \/>\n<meta property=\"og:title\" content=\"Acerca de | Turtle Beach Mallorca\" \/>\n<meta property=\"og:description\" content=\"Acerca de nuestros restaurantes Nuestros restaurantes Ubicados a lo largo de la serena costa de Palmanova y Magaluf, nuestros restaurantes frente a la playa ofrecen la combinaci\u00f3n perfecta de deliciosos platos americanos a la parrilla y c\u00f3cteles refrescantes, ideales para familias que buscan una experiencia gastron\u00f3mica relajada y divertida. Disfruta de apetitosas costillas, chuletones chisporroteantes [&hellip;]\" \/>\n<meta property=\"og:url\" content=\"https:\/\/turtlebeachmallorca.com\/es\/sobre\/\" \/>\n<meta property=\"og:site_name\" content=\"Turtle Beach Mallorca\" \/>\n<meta property=\"article:modified_time\" content=\"2026-01-03T13:14:05+00:00\" \/>\n<meta property=\"og:image\" content=\"https:\/\/turtlebeachmallorca.com\/wp-content\/uploads\/2025\/03\/star.png\" \/>\n\t<meta property=\"og:image:width\" content=\"794\" \/>\n\t<meta property=\"og:image:height\" content=\"808\" \/>\n\t<meta property=\"og:image:type\" content=\"image\/png\" \/>\n<meta name=\"twitter:card\" content=\"summary_large_image\" \/>\n<meta name=\"twitter:label1\" content=\"Tiempo de lectura\" \/>\n\t<meta name=\"twitter:data1\" content=\"2 minutos\" \/>\n<script type=\"application\/ld+json\" class=\"yoast-schema-graph\">{\"@context\":\"https:\\\/\\\/schema.org\",\"@graph\":[{\"@type\":\"WebPage\",\"@id\":\"https:\\\/\\\/turtlebeachmallorca.com\\\/es\\\/sobre\\\/\",\"url\":\"https:\\\/\\\/turtlebeachmallorca.com\\\/es\\\/sobre\\\/\",\"name\":\"Acerca de | Turtle Beach Mallorca\",\"isPartOf\":{\"@id\":\"https:\\\/\\\/turtlebeachmallorca.com\\\/es\\\/#website\"},\"primaryImageOfPage\":{\"@id\":\"https:\\\/\\\/turtlebeachmallorca.com\\\/es\\\/sobre\\\/#primaryimage\"},\"image\":{\"@id\":\"https:\\\/\\\/turtlebeachmallorca.com\\\/es\\\/sobre\\\/#primaryimage\"},\"thumbnailUrl\":\"https:\\\/\\\/turtlebeachmallorca.com\\\/wp-content\\\/uploads\\\/2025\\\/03\\\/star.png\",\"datePublished\":\"2025-03-29T10:16:13+00:00\",\"dateModified\":\"2026-01-03T13:14:05+00:00\",\"breadcrumb\":{\"@id\":\"https:\\\/\\\/turtlebeachmallorca.com\\\/es\\\/sobre\\\/#breadcrumb\"},\"inLanguage\":\"es\",\"potentialAction\":[{\"@type\":\"ReadAction\",\"target\":[\"https:\\\/\\\/turtlebeachmallorca.com\\\/es\\\/sobre\\\/\"]}]},{\"@type\":\"ImageObject\",\"inLanguage\":\"es\",\"@id\":\"https:\\\/\\\/turtlebeachmallorca.com\\\/es\\\/sobre\\\/#primaryimage\",\"url\":\"https:\\\/\\\/turtlebeachmallorca.com\\\/wp-content\\\/uploads\\\/2025\\\/03\\\/star.png\",\"contentUrl\":\"https:\\\/\\\/turtlebeachmallorca.com\\\/wp-content\\\/uploads\\\/2025\\\/03\\\/star.png\"},{\"@type\":\"BreadcrumbList\",\"@id\":\"https:\\\/\\\/turtlebeachmallorca.com\\\/es\\\/sobre\\\/#breadcrumb\",\"itemListElement\":[{\"@type\":\"ListItem\",\"position\":1,\"name\":\"Home\",\"item\":\"https:\\\/\\\/turtlebeachmallorca.com\\\/es\\\/inicio-2\\\/\"},{\"@type\":\"ListItem\",\"position\":2,\"name\":\"Acerca de\"}]},{\"@type\":\"WebSite\",\"@id\":\"https:\\\/\\\/turtlebeachmallorca.com\\\/es\\\/#website\",\"url\":\"https:\\\/\\\/turtlebeachmallorca.com\\\/es\\\/\",\"name\":\"Turtle Beach Mallorca\",\"description\":\"Beach Bar &amp; Grill Palmanova\",\"publisher\":{\"@id\":\"https:\\\/\\\/turtlebeachmallorca.com\\\/es\\\/#organization\"},\"potentialAction\":[{\"@type\":\"SearchAction\",\"target\":{\"@type\":\"EntryPoint\",\"urlTemplate\":\"https:\\\/\\\/turtlebeachmallorca.com\\\/es\\\/?s={search_term_string}\"},\"query-input\":{\"@type\":\"PropertyValueSpecification\",\"valueRequired\":true,\"valueName\":\"search_term_string\"}}],\"inLanguage\":\"es\"},{\"@type\":\"Organization\",\"@id\":\"https:\\\/\\\/turtlebeachmallorca.com\\\/es\\\/#organization\",\"name\":\"Turtle Beach Mallorca\",\"url\":\"https:\\\/\\\/turtlebeachmallorca.com\\\/es\\\/\",\"logo\":{\"@type\":\"ImageObject\",\"inLanguage\":\"es\",\"@id\":\"https:\\\/\\\/turtlebeachmallorca.com\\\/es\\\/#\\\/schema\\\/logo\\\/image\\\/\",\"url\":\"https:\\\/\\\/turtlebeachmallorca.com\\\/wp-content\\\/uploads\\\/2025\\\/02\\\/Social-Media-Profile.png\",\"contentUrl\":\"https:\\\/\\\/turtlebeachmallorca.com\\\/wp-content\\\/uploads\\\/2025\\\/02\\\/Social-Media-Profile.png\",\"width\":2000,\"height\":2000,\"caption\":\"Turtle Beach Mallorca\"},\"image\":{\"@id\":\"https:\\\/\\\/turtlebeachmallorca.com\\\/es\\\/#\\\/schema\\\/logo\\\/image\\\/\"}}]}<\/script>\n<!-- \/ Yoast SEO plugin. -->","yoast_head_json":{"title":"Acerca de | Turtle Beach Mallorca","robots":{"index":"index","follow":"follow","max-snippet":"max-snippet:-1","max-image-preview":"max-image-preview:large","max-video-preview":"max-video-preview:-1"},"canonical":"https:\/\/turtlebeachmallorca.com\/es\/sobre\/","og_locale":"es_ES","og_type":"article","og_title":"Acerca de | Turtle Beach Mallorca","og_description":"Acerca de nuestros restaurantes Nuestros restaurantes Ubicados a lo largo de la serena costa de Palmanova y Magaluf, nuestros restaurantes frente a la playa ofrecen la combinaci\u00f3n perfecta de deliciosos platos americanos a la parrilla y c\u00f3cteles refrescantes, ideales para familias que buscan una experiencia gastron\u00f3mica relajada y divertida. Disfruta de apetitosas costillas, chuletones chisporroteantes [&hellip;]","og_url":"https:\/\/turtlebeachmallorca.com\/es\/sobre\/","og_site_name":"Turtle Beach Mallorca","article_modified_time":"2026-01-03T13:14:05+00:00","og_image":[{"width":794,"height":808,"url":"https:\/\/turtlebeachmallorca.com\/wp-content\/uploads\/2025\/03\/star.png","type":"image\/png"}],"twitter_card":"summary_large_image","twitter_misc":{"Tiempo de lectura":"2 minutos"},"schema":{"@context":"https:\/\/schema.org","@graph":[{"@type":"WebPage","@id":"https:\/\/turtlebeachmallorca.com\/es\/sobre\/","url":"https:\/\/turtlebeachmallorca.com\/es\/sobre\/","name":"Acerca de | Turtle Beach Mallorca","isPartOf":{"@id":"https:\/\/turtlebeachmallorca.com\/es\/#website"},"primaryImageOfPage":{"@id":"https:\/\/turtlebeachmallorca.com\/es\/sobre\/#primaryimage"},"image":{"@id":"https:\/\/turtlebeachmallorca.com\/es\/sobre\/#primaryimage"},"thumbnailUrl":"https:\/\/turtlebeachmallorca.com\/wp-content\/uploads\/2025\/03\/star.png","datePublished":"2025-03-29T10:16:13+00:00","dateModified":"2026-01-03T13:14:05+00:00","breadcrumb":{"@id":"https:\/\/turtlebeachmallorca.com\/es\/sobre\/#breadcrumb"},"inLanguage":"es","potentialAction":[{"@type":"ReadAction","target":["https:\/\/turtlebeachmallorca.com\/es\/sobre\/"]}]},{"@type":"ImageObject","inLanguage":"es","@id":"https:\/\/turtlebeachmallorca.com\/es\/sobre\/#primaryimage","url":"https:\/\/turtlebeachmallorca.com\/wp-content\/uploads\/2025\/03\/star.png","contentUrl":"https:\/\/turtlebeachmallorca.com\/wp-content\/uploads\/2025\/03\/star.png"},{"@type":"BreadcrumbList","@id":"https:\/\/turtlebeachmallorca.com\/es\/sobre\/#breadcrumb","itemListElement":[{"@type":"ListItem","position":1,"name":"Home","item":"https:\/\/turtlebeachmallorca.com\/es\/inicio-2\/"},{"@type":"ListItem","position":2,"name":"Acerca de"}]},{"@type":"WebSite","@id":"https:\/\/turtlebeachmallorca.com\/es\/#website","url":"https:\/\/turtlebeachmallorca.com\/es\/","name":"Turtle Beach Mallorca","description":"Beach Bar &amp; Grill Palmanova","publisher":{"@id":"https:\/\/turtlebeachmallorca.com\/es\/#organization"},"potentialAction":[{"@type":"SearchAction","target":{"@type":"EntryPoint","urlTemplate":"https:\/\/turtlebeachmallorca.com\/es\/?s={search_term_string}"},"query-input":{"@type":"PropertyValueSpecification","valueRequired":true,"valueName":"search_term_string"}}],"inLanguage":"es"},{"@type":"Organization","@id":"https:\/\/turtlebeachmallorca.com\/es\/#organization","name":"Turtle Beach Mallorca","url":"https:\/\/turtlebeachmallorca.com\/es\/","logo":{"@type":"ImageObject","inLanguage":"es","@id":"https:\/\/turtlebeachmallorca.com\/es\/#\/schema\/logo\/image\/","url":"https:\/\/turtlebeachmallorca.com\/wp-content\/uploads\/2025\/02\/Social-Media-Profile.png","contentUrl":"https:\/\/turtlebeachmallorca.com\/wp-content\/uploads\/2025\/02\/Social-Media-Profile.png","width":2000,"height":2000,"caption":"Turtle Beach Mallorca"},"image":{"@id":"https:\/\/turtlebeachmallorca.com\/es\/#\/schema\/logo\/image\/"}}]}},"_links":{"self":[{"href":"https:\/\/turtlebeachmallorca.com\/es\/wp-json\/wp\/v2\/pages\/877","targetHints":{"allow":["GET"]}}],"collection":[{"href":"https:\/\/turtlebeachmallorca.com\/es\/wp-json\/wp\/v2\/pages"}],"about":[{"href":"https:\/\/turtlebeachmallorca.com\/es\/wp-json\/wp\/v2\/types\/page"}],"author":[{"embeddable":true,"href":"https:\/\/turtlebeachmallorca.com\/es\/wp-json\/wp\/v2\/users\/1"}],"replies":[{"embeddable":true,"href":"https:\/\/turtlebeachmallorca.com\/es\/wp-json\/wp\/v2\/comments?post=877"}],"version-history":[{"count":3,"href":"https:\/\/turtlebeachmallorca.com\/es\/wp-json\/wp\/v2\/pages\/877\/revisions"}],"predecessor-version":[{"id":1932,"href":"https:\/\/turtlebeachmallorca.com\/es\/wp-json\/wp\/v2\/pages\/877\/revisions\/1932"}],"wp:attachment":[{"href":"https:\/\/turtlebeachmallorca.com\/es\/wp-json\/wp\/v2\/media?parent=877"}],"curies":[{"name":"wp","href":"https:\/\/api.w.org\/{rel}","templated":true}]}}