{"id":1924,"date":"2025-03-29T11:16:13","date_gmt":"2025-03-29T10:16:13","guid":{"rendered":"https:\/\/turtlebeachmallorca.com\/ueber-uns\/"},"modified":"2026-01-03T14:13:28","modified_gmt":"2026-01-03T13:13:28","slug":"ueber-uns","status":"publish","type":"page","link":"https:\/\/turtlebeachmallorca.com\/de\/ueber-uns\/","title":{"rendered":"\u00dcber uns"},"content":{"rendered":"\t\t<div data-elementor-type=\"wp-page\" data-elementor-id=\"1924\" class=\"elementor elementor-1924 elementor-152\" data-elementor-post-type=\"page\">\n\t\t\t\t<div class=\"elementor-element elementor-element-16ae211 e-flex e-con-boxed e-con e-parent\" data-id=\"16ae211\" data-element_type=\"container\" data-e-type=\"container\" data-settings=\"{&quot;background_background&quot;:&quot;classic&quot;,&quot;jet_parallax_layout_list&quot;:[]}\">\n\t\t\t\t\t<div class=\"e-con-inner\">\n\t\t\t\t<div class=\"elementor-element elementor-element-75f270c elementor-invisible elementor-widget elementor-widget-heading\" data-id=\"75f270c\" data-element_type=\"widget\" data-e-type=\"widget\" data-settings=\"{&quot;_animation&quot;:&quot;fadeInUp&quot;}\" data-widget_type=\"heading.default\">\n\t\t\t\t<div class=\"elementor-widget-container\">\n\t\t\t\t\t<h1 class=\"elementor-heading-title elementor-size-default\">\u00dcber unsere Restaurants<\/h1>\t\t\t\t<\/div>\n\t\t\t\t<\/div>\n\t\t\t\t\t<\/div>\n\t\t\t\t<\/div>\n\t\t<div class=\"elementor-element elementor-element-6a18908 e-flex e-con-boxed e-con e-parent\" data-id=\"6a18908\" data-element_type=\"container\" data-e-type=\"container\" data-settings=\"{&quot;jet_parallax_layout_list&quot;:[]}\">\n\t\t\t\t\t<div class=\"e-con-inner\">\n\t\t<div class=\"elementor-element elementor-element-c46669a e-con-full e-flex elementor-invisible e-con e-child\" data-id=\"c46669a\" data-element_type=\"container\" data-e-type=\"container\" data-settings=\"{&quot;background_background&quot;:&quot;classic&quot;,&quot;animation&quot;:&quot;slideInUp&quot;,&quot;jet_parallax_layout_list&quot;:[]}\">\n\t\t\t\t<\/div>\n\t\t<div class=\"elementor-element elementor-element-b065543 e-con-full e-flex elementor-invisible e-con e-child\" data-id=\"b065543\" data-element_type=\"container\" data-e-type=\"container\" data-settings=\"{&quot;animation&quot;:&quot;slideInLeft&quot;,&quot;animation_delay&quot;:300,&quot;jet_parallax_layout_list&quot;:[]}\">\n\t\t\t\t<div class=\"elementor-element elementor-element-1883ce4 elementor-widget elementor-widget-heading\" data-id=\"1883ce4\" data-element_type=\"widget\" data-e-type=\"widget\" data-widget_type=\"heading.default\">\n\t\t\t\t<div class=\"elementor-widget-container\">\n\t\t\t\t\t<h2 class=\"elementor-heading-title elementor-size-default\">Unsere Restaurants<\/h2>\t\t\t\t<\/div>\n\t\t\t\t<\/div>\n\t\t\t\t<div class=\"elementor-element elementor-element-f065497 elementor-widget elementor-widget-text-editor\" data-id=\"f065497\" data-element_type=\"widget\" data-e-type=\"widget\" data-widget_type=\"text-editor.default\">\n\t\t\t\t<div class=\"elementor-widget-container\">\n\t\t\t\t\t\t\t\t\t<p>Eingebettet entlang der ruhigen K\u00fcstenlinie von <a href=\"https:\/\/turtlebeachmallorca.com\/de\/palmanova\/\">Palmanova<\/a> und <a href=\"https:\/\/turtlebeachmallorca.com\/de\/magaluf\/\">Magaluf<\/a> bieten unsere Strandrestaurants die perfekte Mischung aus k\u00f6stlichen amerikanischen Grillgerichten und erfrischenden Cocktails, ideal f\u00fcr Familien, die ein entspanntes und unterhaltsames kulinarisches Erlebnis suchen.<\/p><p>Genie\u00dfen Sie k\u00f6stliche Rippchen, brutzelnde Steaks und langsam ger\u00e4uchertes Texas-Style Brisket, w\u00e4hrend Sie den atemberaubenden Meerblick genie\u00dfen. Unsere einladende Atmosph\u00e4re ist auf Familien ausgerichtet und bietet ger\u00e4umige Sitzbereiche, eine entspannte Atmosph\u00e4re und ein freundliches Personal, bei dem Sie sich wie zu Hause f\u00fchlen. <\/p><p>Ob Sie sich einen unserer Signature-Cocktails g\u00f6nnen oder die Kinder mit einem leckeren Essen verw\u00f6hnen, unser Restaurant ist der perfekte Ort, um bleibende Erinnerungen am Meer zu schaffen.<\/p>\t\t\t\t\t\t\t\t<\/div>\n\t\t\t\t<\/div>\n\t\t\t\t<div class=\"elementor-element elementor-element-a7e4804 elementor-absolute elementor-widget elementor-widget-image\" data-id=\"a7e4804\" data-element_type=\"widget\" data-e-type=\"widget\" data-settings=\"{&quot;_position&quot;:&quot;absolute&quot;,&quot;motion_fx_motion_fx_scrolling&quot;:&quot;yes&quot;,&quot;motion_fx_translateY_effect&quot;:&quot;yes&quot;,&quot;motion_fx_translateY_direction&quot;:&quot;negative&quot;,&quot;motion_fx_translateY_speed&quot;:{&quot;unit&quot;:&quot;px&quot;,&quot;size&quot;:2,&quot;sizes&quot;:[]},&quot;motion_fx_translateY_affectedRange&quot;:{&quot;unit&quot;:&quot;%&quot;,&quot;size&quot;:&quot;&quot;,&quot;sizes&quot;:{&quot;start&quot;:0,&quot;end&quot;:100}},&quot;motion_fx_devices&quot;:[&quot;desktop&quot;,&quot;tablet&quot;,&quot;mobile&quot;]}\" data-widget_type=\"image.default\">\n\t\t\t\t<div class=\"elementor-widget-container\">\n\t\t\t\t\t\t\t\t\t\t\t\t\t\t\t<img fetchpriority=\"high\" decoding=\"async\" width=\"794\" height=\"808\" src=\"https:\/\/turtlebeachmallorca.com\/wp-content\/uploads\/2025\/03\/star.png\" class=\"attachment-large size-large wp-image-702\" alt=\"\" srcset=\"https:\/\/turtlebeachmallorca.com\/wp-content\/uploads\/2025\/03\/star.png 794w, https:\/\/turtlebeachmallorca.com\/wp-content\/uploads\/2025\/03\/star-295x300.png 295w, https:\/\/turtlebeachmallorca.com\/wp-content\/uploads\/2025\/03\/star-768x782.png 768w\" sizes=\"(max-width: 794px) 100vw, 794px\" \/>\t\t\t\t\t\t\t\t\t\t\t\t\t\t\t<\/div>\n\t\t\t\t<\/div>\n\t\t\t\t<\/div>\n\t\t\t\t\t<\/div>\n\t\t\t\t<\/div>\n\t\t<div class=\"elementor-element elementor-element-f8b17f2 e-flex e-con-boxed e-con e-parent\" data-id=\"f8b17f2\" data-element_type=\"container\" data-e-type=\"container\" data-settings=\"{&quot;jet_parallax_layout_list&quot;:[]}\">\n\t\t\t\t\t<div class=\"e-con-inner\">\n\t\t<div class=\"elementor-element elementor-element-a55f66f e-con-full e-flex elementor-invisible e-con e-child\" data-id=\"a55f66f\" data-element_type=\"container\" data-e-type=\"container\" data-settings=\"{&quot;background_background&quot;:&quot;classic&quot;,&quot;animation&quot;:&quot;slideInUp&quot;,&quot;jet_parallax_layout_list&quot;:[]}\">\n\t\t\t\t<\/div>\n\t\t<div class=\"elementor-element elementor-element-f034695 e-con-full e-flex elementor-invisible e-con e-child\" data-id=\"f034695\" data-element_type=\"container\" data-e-type=\"container\" data-settings=\"{&quot;animation&quot;:&quot;slideInRight&quot;,&quot;animation_delay&quot;:300,&quot;jet_parallax_layout_list&quot;:[]}\">\n\t\t\t\t<div class=\"elementor-element elementor-element-18887e9 elementor-widget elementor-widget-heading\" data-id=\"18887e9\" data-element_type=\"widget\" data-e-type=\"widget\" data-widget_type=\"heading.default\">\n\t\t\t\t<div class=\"elementor-widget-container\">\n\t\t\t\t\t<h2 class=\"elementor-heading-title elementor-size-default\">Texas Inspiriertes BBQ<\/h2>\t\t\t\t<\/div>\n\t\t\t\t<\/div>\n\t\t\t\t<div class=\"elementor-element elementor-element-256870e elementor-absolute elementor-widget elementor-widget-image\" data-id=\"256870e\" data-element_type=\"widget\" data-e-type=\"widget\" data-settings=\"{&quot;_position&quot;:&quot;absolute&quot;,&quot;motion_fx_motion_fx_scrolling&quot;:&quot;yes&quot;,&quot;motion_fx_translateY_effect&quot;:&quot;yes&quot;,&quot;motion_fx_translateY_direction&quot;:&quot;negative&quot;,&quot;motion_fx_translateY_speed&quot;:{&quot;unit&quot;:&quot;px&quot;,&quot;size&quot;:2,&quot;sizes&quot;:[]},&quot;motion_fx_translateY_affectedRange&quot;:{&quot;unit&quot;:&quot;%&quot;,&quot;size&quot;:&quot;&quot;,&quot;sizes&quot;:{&quot;start&quot;:0,&quot;end&quot;:100}},&quot;motion_fx_devices&quot;:[&quot;desktop&quot;,&quot;tablet&quot;,&quot;mobile&quot;]}\" data-widget_type=\"image.default\">\n\t\t\t\t<div class=\"elementor-widget-container\">\n\t\t\t\t\t\t\t\t\t\t\t\t\t\t\t<img decoding=\"async\" width=\"620\" height=\"564\" src=\"https:\/\/turtlebeachmallorca.com\/wp-content\/uploads\/2025\/03\/shell-2.png\" class=\"attachment-large size-large wp-image-704\" alt=\"\" srcset=\"https:\/\/turtlebeachmallorca.com\/wp-content\/uploads\/2025\/03\/shell-2.png 620w, https:\/\/turtlebeachmallorca.com\/wp-content\/uploads\/2025\/03\/shell-2-300x273.png 300w\" sizes=\"(max-width: 620px) 100vw, 620px\" \/>\t\t\t\t\t\t\t\t\t\t\t\t\t\t\t<\/div>\n\t\t\t\t<\/div>\n\t\t\t\t<div class=\"elementor-element elementor-element-36554fb elementor-widget elementor-widget-text-editor\" data-id=\"36554fb\" data-element_type=\"widget\" data-e-type=\"widget\" data-widget_type=\"text-editor.default\">\n\t\t\t\t<div class=\"elementor-widget-container\">\n\t\t\t\t\t\t\t\t\t<p>Tauchen Sie ein in das Herz der klassischen amerikanischen K\u00fcche im Turtle Beach Mallorca, wo jedes Gericht mit hochwertigen Zutaten zubereitet und mit einer Prise Nostalgie serviert wird.<\/p><p>Von saftigen Burgern und bepuderten Pommes bis hin zu Brisket Mac &#8217;n&#8216; Cheese und perfekt gegrillten Steaks bietet unsere Speisekarte alle Ihre amerikanischen Lieblingsklassiker. Egal, ob Sie Lust auf einen herzhaften Brunch, ein geschmackvolles Mittagessen oder ein k\u00f6stliches Abendessen haben, wir haben f\u00fcr jeden Appetit etwas zu bieten. <\/p><p>Genie\u00dfen Sie eine warme, einladende Atmosph\u00e4re, in der Familie und Freunde zusammenkommen k\u00f6nnen, um gro\u00dfartiges Essen und noch bessere Erinnerungen zu teilen<\/p>\t\t\t\t\t\t\t\t<\/div>\n\t\t\t\t<\/div>\n\t\t\t\t<\/div>\n\t\t\t\t\t<\/div>\n\t\t\t\t<\/div>\n\t\t<div class=\"elementor-element elementor-element-c779eaa e-flex e-con-boxed e-con e-parent\" data-id=\"c779eaa\" data-element_type=\"container\" data-e-type=\"container\" data-settings=\"{&quot;jet_parallax_layout_list&quot;:[]}\">\n\t\t\t\t\t<div class=\"e-con-inner\">\n\t\t<div class=\"elementor-element elementor-element-e9c6e60 e-con-full e-flex elementor-invisible e-con e-child\" data-id=\"e9c6e60\" data-element_type=\"container\" data-e-type=\"container\" data-settings=\"{&quot;background_background&quot;:&quot;classic&quot;,&quot;animation&quot;:&quot;slideInUp&quot;,&quot;jet_parallax_layout_list&quot;:[]}\">\n\t\t\t\t<\/div>\n\t\t<div class=\"elementor-element elementor-element-e3cf339 e-con-full e-flex elementor-invisible e-con e-child\" data-id=\"e3cf339\" data-element_type=\"container\" data-e-type=\"container\" data-settings=\"{&quot;animation&quot;:&quot;slideInLeft&quot;,&quot;animation_delay&quot;:300,&quot;jet_parallax_layout_list&quot;:[]}\">\n\t\t\t\t<div class=\"elementor-element elementor-element-6db2bec elementor-widget elementor-widget-heading\" data-id=\"6db2bec\" data-element_type=\"widget\" data-e-type=\"widget\" data-widget_type=\"heading.default\">\n\t\t\t\t<div class=\"elementor-widget-container\">\n\t\t\t\t\t<h2 class=\"elementor-heading-title elementor-size-default\">Cocktails bei Sonnenuntergang<\/h2>\t\t\t\t<\/div>\n\t\t\t\t<\/div>\n\t\t\t\t<div class=\"elementor-element elementor-element-43e9079 elementor-widget elementor-widget-text-editor\" data-id=\"43e9079\" data-element_type=\"widget\" data-e-type=\"widget\" data-widget_type=\"text-editor.default\">\n\t\t\t\t<div class=\"elementor-widget-container\">\n\t\t\t\t\t\t\t\t\t<p>Genie\u00dfen Sie die Kunst der Mixologie in jedem Glas. G\u00f6nnen Sie sich einen unserer wundersch\u00f6n zubereiteten Premium-Cocktails, die mit den besten Zutaten hergestellt und von unseren erfahrenen Barkeepern fachm\u00e4nnisch gemixt werden. <\/p><p>Jeder Drink ist ein Meisterwerk, das Premium-Spirituosen und einzigartige Aromen kombiniert, die jeden Schluck aufwerten.<\/p><p>Egal, ob Sie einen klassischen Favoriten oder eine einzigartige Kreation suchen, unsere Cocktails versprechen ein einzigartiges Erlebnis, das unser Engagement f\u00fcr Qualit\u00e4t und Handwerkskunst widerspiegelt.<\/p>\t\t\t\t\t\t\t\t<\/div>\n\t\t\t\t<\/div>\n\t\t\t\t<\/div>\n\t\t\t\t\t<\/div>\n\t\t\t\t<\/div>\n\t\t<div class=\"elementor-element elementor-element-d390068 e-flex e-con-boxed e-con e-parent\" data-id=\"d390068\" data-element_type=\"container\" data-e-type=\"container\" data-settings=\"{&quot;background_background&quot;:&quot;classic&quot;,&quot;jet_parallax_layout_list&quot;:[]}\">\n\t\t\t\t\t<div class=\"e-con-inner\">\n\t\t\t\t<div class=\"elementor-element elementor-element-33f8d44 elementor-invisible elementor-widget elementor-widget-heading\" data-id=\"33f8d44\" data-element_type=\"widget\" data-e-type=\"widget\" data-settings=\"{&quot;_animation&quot;:&quot;fadeInUp&quot;}\" data-widget_type=\"heading.default\">\n\t\t\t\t<div class=\"elementor-widget-container\">\n\t\t\t\t\t<h6 class=\"elementor-heading-title elementor-size-default\">Buchen Sie Ihren Tisch\n<\/h6>\t\t\t\t<\/div>\n\t\t\t\t<\/div>\n\t\t\t\t<div class=\"elementor-element elementor-element-869788c elementor-invisible elementor-widget elementor-widget-heading\" data-id=\"869788c\" data-element_type=\"widget\" data-e-type=\"widget\" data-settings=\"{&quot;_animation&quot;:&quot;fadeInUp&quot;}\" data-widget_type=\"heading.default\">\n\t\t\t\t<div class=\"elementor-widget-container\">\n\t\t\t\t\t<h2 class=\"elementor-heading-title elementor-size-default\">Reservieren Sie Ihr Erlebnis<\/h2>\t\t\t\t<\/div>\n\t\t\t\t<\/div>\n\t\t\t\t<div class=\"elementor-element elementor-element-1517554 elementor-invisible elementor-widget elementor-widget-text-editor\" data-id=\"1517554\" data-element_type=\"widget\" data-e-type=\"widget\" data-settings=\"{&quot;_animation&quot;:&quot;fadeInUp&quot;}\" data-widget_type=\"text-editor.default\">\n\t\t\t\t<div class=\"elementor-widget-container\">\n\t\t\t\t\t\t\t\t\t<p>W\u00e4hlen Sie Ihren bevorzugten Standort auf Mallorca.<\/p>\t\t\t\t\t\t\t\t<\/div>\n\t\t\t\t<\/div>\n\t\t\t\t<div class=\"elementor-element elementor-element-39702e7 elementor-align-center elementor-tablet-align-center elementor-invisible elementor-widget elementor-widget-button\" data-id=\"39702e7\" data-element_type=\"widget\" data-e-type=\"widget\" data-settings=\"{&quot;_animation&quot;:&quot;fadeInUp&quot;}\" data-widget_type=\"button.default\">\n\t\t\t\t<div class=\"elementor-widget-container\">\n\t\t\t\t\t\t\t\t\t<div class=\"elementor-button-wrapper\">\n\t\t\t\t\t<a class=\"elementor-button elementor-button-link elementor-size-sm\" href=\"https:\/\/turtlemallorca.myrestoo.net\/en\/group\">\n\t\t\t\t\t\t<span class=\"elementor-button-content-wrapper\">\n\t\t\t\t\t\t\t\t\t<span class=\"elementor-button-text\">Online reservieren<\/span>\n\t\t\t\t\t<\/span>\n\t\t\t\t\t<\/a>\n\t\t\t\t<\/div>\n\t\t\t\t\t\t\t\t<\/div>\n\t\t\t\t<\/div>\n\t\t\t\t\t<\/div>\n\t\t\t\t<\/div>\n\t\t\t\t<\/div>\n\t\t","protected":false},"excerpt":{"rendered":"<p>\u00dcber unsere Restaurants Unsere Restaurants Eingebettet entlang der ruhigen K\u00fcstenlinie von Palmanova und Magaluf bieten unsere Strandrestaurants die perfekte Mischung aus k\u00f6stlichen amerikanischen Grillgerichten und erfrischenden Cocktails, ideal f\u00fcr Familien, die ein entspanntes und unterhaltsames kulinarisches Erlebnis suchen. Genie\u00dfen Sie k\u00f6stliche Rippchen, brutzelnde Steaks und langsam ger\u00e4uchertes Texas-Style Brisket, w\u00e4hrend Sie den atemberaubenden Meerblick genie\u00dfen. [&hellip;]<\/p>\n","protected":false},"author":1,"featured_media":0,"parent":0,"menu_order":0,"comment_status":"closed","ping_status":"closed","template":"","meta":{"footnotes":""},"class_list":["post-1924","page","type-page","status-publish","hentry"],"blocksy_meta":{"has_hero_section":"disabled","vertical_spacing_source":"custom","content_area_spacing":"none","styles_descriptor":{"styles":{"desktop":"","tablet":"","mobile":""},"google_fonts":[],"version":6}},"yoast_head":"<!-- This site is optimized with the Yoast SEO plugin v27.4 - https:\/\/yoast.com\/product\/yoast-seo-wordpress\/ -->\n<title>\u00dcber uns | Turtle Beach Mallorca<\/title>\n<meta name=\"robots\" content=\"index, follow, max-snippet:-1, max-image-preview:large, max-video-preview:-1\" \/>\n<link rel=\"canonical\" href=\"https:\/\/turtlebeachmallorca.com\/de\/ueber-uns\/\" \/>\n<meta property=\"og:locale\" content=\"de_DE\" \/>\n<meta property=\"og:type\" content=\"article\" \/>\n<meta property=\"og:title\" content=\"\u00dcber uns | Turtle Beach Mallorca\" \/>\n<meta property=\"og:description\" content=\"\u00dcber unsere Restaurants Unsere Restaurants Eingebettet entlang der ruhigen K\u00fcstenlinie von Palmanova und Magaluf bieten unsere Strandrestaurants die perfekte Mischung aus k\u00f6stlichen amerikanischen Grillgerichten und erfrischenden Cocktails, ideal f\u00fcr Familien, die ein entspanntes und unterhaltsames kulinarisches Erlebnis suchen. Genie\u00dfen Sie k\u00f6stliche Rippchen, brutzelnde Steaks und langsam ger\u00e4uchertes Texas-Style Brisket, w\u00e4hrend Sie den atemberaubenden Meerblick genie\u00dfen. [&hellip;]\" \/>\n<meta property=\"og:url\" content=\"https:\/\/turtlebeachmallorca.com\/de\/ueber-uns\/\" \/>\n<meta property=\"og:site_name\" content=\"Turtle Beach Mallorca\" \/>\n<meta property=\"article:modified_time\" content=\"2026-01-03T13:13:28+00:00\" \/>\n<meta property=\"og:image\" content=\"https:\/\/turtlebeachmallorca.com\/wp-content\/uploads\/2025\/03\/star.png\" \/>\n\t<meta property=\"og:image:width\" content=\"794\" \/>\n\t<meta property=\"og:image:height\" content=\"808\" \/>\n\t<meta property=\"og:image:type\" content=\"image\/png\" \/>\n<meta name=\"twitter:card\" content=\"summary_large_image\" \/>\n<meta name=\"twitter:label1\" content=\"Gesch\u00e4tzte Lesezeit\" \/>\n\t<meta name=\"twitter:data1\" content=\"2\u00a0Minuten\" \/>\n<script type=\"application\/ld+json\" class=\"yoast-schema-graph\">{\"@context\":\"https:\\\/\\\/schema.org\",\"@graph\":[{\"@type\":\"WebPage\",\"@id\":\"https:\\\/\\\/turtlebeachmallorca.com\\\/de\\\/ueber-uns\\\/\",\"url\":\"https:\\\/\\\/turtlebeachmallorca.com\\\/de\\\/ueber-uns\\\/\",\"name\":\"\u00dcber uns | Turtle Beach Mallorca\",\"isPartOf\":{\"@id\":\"https:\\\/\\\/turtlebeachmallorca.com\\\/de\\\/#website\"},\"primaryImageOfPage\":{\"@id\":\"https:\\\/\\\/turtlebeachmallorca.com\\\/de\\\/ueber-uns\\\/#primaryimage\"},\"image\":{\"@id\":\"https:\\\/\\\/turtlebeachmallorca.com\\\/de\\\/ueber-uns\\\/#primaryimage\"},\"thumbnailUrl\":\"https:\\\/\\\/turtlebeachmallorca.com\\\/wp-content\\\/uploads\\\/2025\\\/03\\\/star.png\",\"datePublished\":\"2025-03-29T10:16:13+00:00\",\"dateModified\":\"2026-01-03T13:13:28+00:00\",\"breadcrumb\":{\"@id\":\"https:\\\/\\\/turtlebeachmallorca.com\\\/de\\\/ueber-uns\\\/#breadcrumb\"},\"inLanguage\":\"de\",\"potentialAction\":[{\"@type\":\"ReadAction\",\"target\":[\"https:\\\/\\\/turtlebeachmallorca.com\\\/de\\\/ueber-uns\\\/\"]}]},{\"@type\":\"ImageObject\",\"inLanguage\":\"de\",\"@id\":\"https:\\\/\\\/turtlebeachmallorca.com\\\/de\\\/ueber-uns\\\/#primaryimage\",\"url\":\"https:\\\/\\\/turtlebeachmallorca.com\\\/wp-content\\\/uploads\\\/2025\\\/03\\\/star.png\",\"contentUrl\":\"https:\\\/\\\/turtlebeachmallorca.com\\\/wp-content\\\/uploads\\\/2025\\\/03\\\/star.png\"},{\"@type\":\"BreadcrumbList\",\"@id\":\"https:\\\/\\\/turtlebeachmallorca.com\\\/de\\\/ueber-uns\\\/#breadcrumb\",\"itemListElement\":[{\"@type\":\"ListItem\",\"position\":1,\"name\":\"Home\",\"item\":\"https:\\\/\\\/turtlebeachmallorca.com\\\/de\\\/home-2\\\/\"},{\"@type\":\"ListItem\",\"position\":2,\"name\":\"\u00dcber uns\"}]},{\"@type\":\"WebSite\",\"@id\":\"https:\\\/\\\/turtlebeachmallorca.com\\\/de\\\/#website\",\"url\":\"https:\\\/\\\/turtlebeachmallorca.com\\\/de\\\/\",\"name\":\"Turtle Beach Mallorca\",\"description\":\"Beach Bar &amp; Grill Palmanova\",\"publisher\":{\"@id\":\"https:\\\/\\\/turtlebeachmallorca.com\\\/de\\\/#organization\"},\"potentialAction\":[{\"@type\":\"SearchAction\",\"target\":{\"@type\":\"EntryPoint\",\"urlTemplate\":\"https:\\\/\\\/turtlebeachmallorca.com\\\/de\\\/?s={search_term_string}\"},\"query-input\":{\"@type\":\"PropertyValueSpecification\",\"valueRequired\":true,\"valueName\":\"search_term_string\"}}],\"inLanguage\":\"de\"},{\"@type\":\"Organization\",\"@id\":\"https:\\\/\\\/turtlebeachmallorca.com\\\/de\\\/#organization\",\"name\":\"Turtle Beach Mallorca\",\"url\":\"https:\\\/\\\/turtlebeachmallorca.com\\\/de\\\/\",\"logo\":{\"@type\":\"ImageObject\",\"inLanguage\":\"de\",\"@id\":\"https:\\\/\\\/turtlebeachmallorca.com\\\/de\\\/#\\\/schema\\\/logo\\\/image\\\/\",\"url\":\"https:\\\/\\\/turtlebeachmallorca.com\\\/wp-content\\\/uploads\\\/2025\\\/02\\\/Social-Media-Profile.png\",\"contentUrl\":\"https:\\\/\\\/turtlebeachmallorca.com\\\/wp-content\\\/uploads\\\/2025\\\/02\\\/Social-Media-Profile.png\",\"width\":2000,\"height\":2000,\"caption\":\"Turtle Beach Mallorca\"},\"image\":{\"@id\":\"https:\\\/\\\/turtlebeachmallorca.com\\\/de\\\/#\\\/schema\\\/logo\\\/image\\\/\"}}]}<\/script>\n<!-- \/ Yoast SEO plugin. -->","yoast_head_json":{"title":"\u00dcber uns | Turtle Beach Mallorca","robots":{"index":"index","follow":"follow","max-snippet":"max-snippet:-1","max-image-preview":"max-image-preview:large","max-video-preview":"max-video-preview:-1"},"canonical":"https:\/\/turtlebeachmallorca.com\/de\/ueber-uns\/","og_locale":"de_DE","og_type":"article","og_title":"\u00dcber uns | Turtle Beach Mallorca","og_description":"\u00dcber unsere Restaurants Unsere Restaurants Eingebettet entlang der ruhigen K\u00fcstenlinie von Palmanova und Magaluf bieten unsere Strandrestaurants die perfekte Mischung aus k\u00f6stlichen amerikanischen Grillgerichten und erfrischenden Cocktails, ideal f\u00fcr Familien, die ein entspanntes und unterhaltsames kulinarisches Erlebnis suchen. Genie\u00dfen Sie k\u00f6stliche Rippchen, brutzelnde Steaks und langsam ger\u00e4uchertes Texas-Style Brisket, w\u00e4hrend Sie den atemberaubenden Meerblick genie\u00dfen. [&hellip;]","og_url":"https:\/\/turtlebeachmallorca.com\/de\/ueber-uns\/","og_site_name":"Turtle Beach Mallorca","article_modified_time":"2026-01-03T13:13:28+00:00","og_image":[{"width":794,"height":808,"url":"https:\/\/turtlebeachmallorca.com\/wp-content\/uploads\/2025\/03\/star.png","type":"image\/png"}],"twitter_card":"summary_large_image","twitter_misc":{"Gesch\u00e4tzte Lesezeit":"2\u00a0Minuten"},"schema":{"@context":"https:\/\/schema.org","@graph":[{"@type":"WebPage","@id":"https:\/\/turtlebeachmallorca.com\/de\/ueber-uns\/","url":"https:\/\/turtlebeachmallorca.com\/de\/ueber-uns\/","name":"\u00dcber uns | Turtle Beach Mallorca","isPartOf":{"@id":"https:\/\/turtlebeachmallorca.com\/de\/#website"},"primaryImageOfPage":{"@id":"https:\/\/turtlebeachmallorca.com\/de\/ueber-uns\/#primaryimage"},"image":{"@id":"https:\/\/turtlebeachmallorca.com\/de\/ueber-uns\/#primaryimage"},"thumbnailUrl":"https:\/\/turtlebeachmallorca.com\/wp-content\/uploads\/2025\/03\/star.png","datePublished":"2025-03-29T10:16:13+00:00","dateModified":"2026-01-03T13:13:28+00:00","breadcrumb":{"@id":"https:\/\/turtlebeachmallorca.com\/de\/ueber-uns\/#breadcrumb"},"inLanguage":"de","potentialAction":[{"@type":"ReadAction","target":["https:\/\/turtlebeachmallorca.com\/de\/ueber-uns\/"]}]},{"@type":"ImageObject","inLanguage":"de","@id":"https:\/\/turtlebeachmallorca.com\/de\/ueber-uns\/#primaryimage","url":"https:\/\/turtlebeachmallorca.com\/wp-content\/uploads\/2025\/03\/star.png","contentUrl":"https:\/\/turtlebeachmallorca.com\/wp-content\/uploads\/2025\/03\/star.png"},{"@type":"BreadcrumbList","@id":"https:\/\/turtlebeachmallorca.com\/de\/ueber-uns\/#breadcrumb","itemListElement":[{"@type":"ListItem","position":1,"name":"Home","item":"https:\/\/turtlebeachmallorca.com\/de\/home-2\/"},{"@type":"ListItem","position":2,"name":"\u00dcber uns"}]},{"@type":"WebSite","@id":"https:\/\/turtlebeachmallorca.com\/de\/#website","url":"https:\/\/turtlebeachmallorca.com\/de\/","name":"Turtle Beach Mallorca","description":"Beach Bar &amp; Grill Palmanova","publisher":{"@id":"https:\/\/turtlebeachmallorca.com\/de\/#organization"},"potentialAction":[{"@type":"SearchAction","target":{"@type":"EntryPoint","urlTemplate":"https:\/\/turtlebeachmallorca.com\/de\/?s={search_term_string}"},"query-input":{"@type":"PropertyValueSpecification","valueRequired":true,"valueName":"search_term_string"}}],"inLanguage":"de"},{"@type":"Organization","@id":"https:\/\/turtlebeachmallorca.com\/de\/#organization","name":"Turtle Beach Mallorca","url":"https:\/\/turtlebeachmallorca.com\/de\/","logo":{"@type":"ImageObject","inLanguage":"de","@id":"https:\/\/turtlebeachmallorca.com\/de\/#\/schema\/logo\/image\/","url":"https:\/\/turtlebeachmallorca.com\/wp-content\/uploads\/2025\/02\/Social-Media-Profile.png","contentUrl":"https:\/\/turtlebeachmallorca.com\/wp-content\/uploads\/2025\/02\/Social-Media-Profile.png","width":2000,"height":2000,"caption":"Turtle Beach Mallorca"},"image":{"@id":"https:\/\/turtlebeachmallorca.com\/de\/#\/schema\/logo\/image\/"}}]}},"_links":{"self":[{"href":"https:\/\/turtlebeachmallorca.com\/de\/wp-json\/wp\/v2\/pages\/1924","targetHints":{"allow":["GET"]}}],"collection":[{"href":"https:\/\/turtlebeachmallorca.com\/de\/wp-json\/wp\/v2\/pages"}],"about":[{"href":"https:\/\/turtlebeachmallorca.com\/de\/wp-json\/wp\/v2\/types\/page"}],"author":[{"embeddable":true,"href":"https:\/\/turtlebeachmallorca.com\/de\/wp-json\/wp\/v2\/users\/1"}],"replies":[{"embeddable":true,"href":"https:\/\/turtlebeachmallorca.com\/de\/wp-json\/wp\/v2\/comments?post=1924"}],"version-history":[{"count":3,"href":"https:\/\/turtlebeachmallorca.com\/de\/wp-json\/wp\/v2\/pages\/1924\/revisions"}],"predecessor-version":[{"id":1927,"href":"https:\/\/turtlebeachmallorca.com\/de\/wp-json\/wp\/v2\/pages\/1924\/revisions\/1927"}],"wp:attachment":[{"href":"https:\/\/turtlebeachmallorca.com\/de\/wp-json\/wp\/v2\/media?parent=1924"}],"curies":[{"name":"wp","href":"https:\/\/api.w.org\/{rel}","templated":true}]}}